{"id":34663,"date":"2024-06-26T15:42:30","date_gmt":"2024-06-26T12:42:30","guid":{"rendered":"https:\/\/dragonbean.eu\/kohv-koju\/"},"modified":"2026-04-11T22:58:46","modified_gmt":"2026-04-11T19:58:46","slug":"kohv-koju","status":"publish","type":"page","link":"https:\/\/dragonbean.eu\/et\/","title":{"rendered":"Esileht"},"content":{"rendered":"\n<div class=\"wp-block-wd-slider wd-slider wd-carousel-container wd-anim-slide wd-stretched wd-142c00b3\"><div class=\"wd-carousel-inner\"><div class=\"wd-carousel wd-grid\" data-effect=\"slide\" data-wrap=\"yes\" data-autoheight=\"yes\" data-sliding_speed=\"700\" style=\"--wd-col-lg:1;--wd-col-md:1;--wd-col-sm:1;\"><div class=\"wd-carousel-wrap\">\n<div class=\"wp-block-wd-slider-item wd-slide wd-carousel-item wd-47c103a9\"><div class=\"wd-slide-container\">\n<h2 class=\"wp-block-wd-title title wd-align wd-animation wd-transform wd-animation-slide-from-left wd_delay_250 wd-6082d844 wd-custom-width\">Eetiliselt hangitud<br\/>erikohv <\/h2>\n\n\n\n<div class=\"wp-block-wd-container wd-dir-row wd-9106ea1d wd-custom-width\">\n<a class=\"wp-block-wd-button btn btn-style-default btn-color-primary btn-size-large btn-shape-rectangle wd-1f257c28\" href=\"https:\/\/dragonbean.eu\/et\/pood\/\"><span>Pood<\/span><\/a>\n\n\n\n<a class=\"wp-block-wd-button btn btn-style-default btn-size-large btn-shape-rectangle wd-5519702e\" href=\"https:\/\/dragonbean.eu\/et\/meist\/\"><span>loe l\u00e4hemalt<\/span><\/a>\n<\/div>\n<\/div><div class=\"wd-slide-bg wd-fill\"><\/div><\/div>\n<\/div><\/div><div class=\"wd-nav-arrows wd-slider-arrows wd-custom-style wd-pos-sep wd-style-1 color-scheme-dark\"><div class=\"wd-btn-arrow wd-prev\"><div class=\"wd-arrow-inner\"><\/div><\/div><div class=\"wd-btn-arrow wd-next\"><div class=\"wd-arrow-inner\"><\/div><\/div><\/div><\/div><\/div>\n\n<h2 class=\"wp-block-wd-title title wd-align wd-030bd7e2\">Meie kohv<\/h2>\n\n<div class=\"wp-block-wd-products-tabs wd-tabs wd-products-tabs tabs-design-default wd-2d67bbda\">\n<div class=\"wp-block-wd-products-tabs-header wd-tabs-header wd-align wd-16474a89\"><div class=\"wd-nav-wrapper wd-nav-tabs-wrapper wd-mb-action-swipe\"><ul class=\"wd-nav wd-nav-tabs products-tabs-title wd-icon-pos-start wd-style-underline\">\n<li class=\"wp-block-wd-products-tabs-tab wd-1b31d5d0\" data-atts=\"{\"items_per_page\":\"4\",\"wrapper_classes\":\"wd-1b31d5d0\"}\"><a href=\"#\" class=\"wd-nav-link\"><span class=\"tab-label nav-link-text\">K\u00f5ik<\/span><\/a><\/li>\n\n\n\n<li class=\"wp-block-wd-products-tabs-tab wd-73d0769a\" data-atts=\"{\"items_per_page\":\"4\",\"order\":\"DESC\",\"wrapper_classes\":\"wd-73d0769a\"}\"><a href=\"#\" class=\"wd-nav-link\"><span class=\"tab-label nav-link-text\">Espresso<\/span><\/a><\/li>\n\n\n\n<li class=\"wp-block-wd-products-tabs-tab wd-42d7b29a\" data-atts=\"{\"items_per_page\":\"4\",\"wrapper_classes\":\"wd-42d7b29a\"}\"><a href=\"#\" class=\"wd-nav-link\"><span class=\"tab-label nav-link-text\">Filter<\/span><\/a><\/li>\n<\/ul><\/div><\/div>\n\n\n\t\t\t<div id=\"\" class=\"wd-tabs-content-wrapper wd-e51e1fd5\">\n\t\t\t\t\t\t<div class=\"wd-sticky-loader\"><span class=\"wd-loader\"><\/span><\/div>\n\t\t\n\t\t\t\t\t\t\t<div class=\"wd-products-element wd-tab-content wd-active wd-in\">\n\t\t\t\n\t\t\n\t\t\t\t\t<div class=\"products wd-products  grid-columns-4 elements-grid wd-grid-g wd-loop-builder-off\" data-paged=\"1\" data-atts=\"{&quot;speed&quot;:5000,&quot;wrap&quot;:&quot;no&quot;,&quot;hide_pagination_control_tablet&quot;:&quot;no&quot;,&quot;hide_pagination_control_mobile&quot;:&quot;no&quot;,&quot;hide_prev_next_buttons&quot;:&quot;no&quot;,&quot;hide_prev_next_buttons_tablet&quot;:&quot;no&quot;,&quot;hide_prev_next_buttons_mobile&quot;:&quot;no&quot;,&quot;spacing&quot;:&quot;20&quot;,&quot;items_per_page&quot;:&quot;4&quot;,&quot;products_different_sizes&quot;:&quot;disable&quot;,&quot;wrapper_classes&quot;:&quot; wd-tab-content wd-active wd-in&quot;,&quot;force_not_ajax&quot;:&quot;no&quot;}\" data-source=\"shortcode\" data-columns=\"4\" style=\"--wd-col-lg:4;--wd-col-md:4;--wd-col-sm:2;--wd-gap-lg:20px;--wd-gap-sm:10px;\">\n\t\t\t<div class=\"wd-product wd-col wd-hover-icons product-grid-item product type-product post-34595 status-publish outofstock product_cat-uncategorized-et has-post-thumbnail shipping-taxable purchasable product-type-variable has-default-attributes\" data-loop=\"1\" data-id=\"34595\">\n\t<div class=\"wd-product-wrapper product-wrapper\">\n\t<div class=\"wd-product-thumb product-element-top wd-quick-shop\">\n\t\t<a href=\"https:\/\/dragonbean.eu\/product\/ethiopia-gemechu\/\" class=\"wd-product-img-link product-image-link\" tabindex=\"-1\" aria-label=\"Ethiopia Gemechu\">\n\t\t\t\t\t\t<div class=\"product-labels labels-rounded-sm\">\n\t\t\t\t<span class=\"out-of-stock product-label wd-shape-round-sm\">L\u00e4bi m\u00fc\u00fcdud<\/span>\t\t\t<\/div>\n\t\t\t<img loading=\"lazy\" decoding=\"async\" width=\"430\" height=\"487\" src=\"https:\/\/dragonbean.eu\/wp-content\/uploads\/2024\/06\/coffee-product-5-430x487.jpg\" class=\"attachment-woocommerce_thumbnail size-woocommerce_thumbnail\" alt=\"\" srcset=\"https:\/\/dragonbean.eu\/wp-content\/uploads\/2024\/06\/coffee-product-5-430x487.jpg 430w, https:\/\/dragonbean.eu\/wp-content\/uploads\/2024\/06\/coffee-product-5-150x170.jpg 150w, https:\/\/dragonbean.eu\/wp-content\/uploads\/2024\/06\/coffee-product-5-700x792.jpg 700w, https:\/\/dragonbean.eu\/wp-content\/uploads\/2024\/06\/coffee-product-5.jpg 1060w\" sizes=\"auto, (max-width: 430px) 100vw, 430px\" \/>\t\t<\/a>\n\n\t\t\n\t\t<div class=\"wrapp-buttons\">\n\t\t\t<div class=\"wd-buttons\">\n\t\t\t\t<div class=\"wd-add-btn wd-action-btn wd-style-icon wd-add-cart-icon\"><a href=\"https:\/\/dragonbean.eu\/product\/ethiopia-gemechu\/\" aria-describedby=\"woocommerce_loop_add_to_cart_link_describedby_34595\" data-quantity=\"1\" class=\"button product_type_variable add-to-cart-loop\" data-product_id=\"34595\" data-product_sku=\"\" aria-label=\"Vali tootele &ldquo;Ethiopia Gemechu&rdquo; omadused\" rel=\"nofollow\"><span class=\"wd-action-icon\"><span class=\"wd-check-icon\"><\/span><\/span><span class=\"wd-action-text\">Vali<\/span><\/a>\t<span id=\"woocommerce_loop_add_to_cart_link_describedby_34595\" class=\"screen-reader-text\">\n\t\tThis product has multiple variants. The options may be chosen on the product page\t<\/span>\n<\/div>\n\t\t\t\t\t\t\t\t\t\t\t\t\t\t<div class=\"wd-quick-view-btn wd-quick-view-icon wd-action-btn wd-style-icon\">\n\t\t\t<a\n\t\t\t\thref=\"https:\/\/dragonbean.eu\/product\/ethiopia-gemechu\/\"\n\t\t\t\tclass=\"open-quick-view\"\n\t\t\t\trel=\"nofollow\"\n\t\t\t\tdata-id=\"34595\"\n\t\t\t\t>\n\t\t\t\t\t<span class=\"wd-action-icon\"><\/span>\n\t\t\t\t\t<span class=\"wd-action-text\">\n\t\t\t\t\t\tKiirvaade\t\t\t\t\t<\/span>\n\t\t\t<\/a>\n\t\t<\/div>\n\t\t\t\t\t\t\t\t\t\t\t\t\t<\/div> \n\t\t<\/div>\n\t<\/div>\n\t\t\t\t\t<h3 class=\"wd-entities-title\"><a href=\"https:\/\/dragonbean.eu\/product\/ethiopia-gemechu\/\">Ethiopia Gemechu<\/a><\/h3>\t\t\t\t<div class=\"wd-product-cats\">\n\t\t\t\t\t\t<a href=\"https:\/\/dragonbean.eu\/et\/product-category\/uncategorized-et\/\" rel=\"tag\">Uncategorized @et<\/a>\t\t<\/div>\n\t\t\t\t\t\t\n\t<span class=\"price\"><span class=\"woocommerce-Price-amount amount\"><bdi>15,00&nbsp;<span class=\"woocommerce-Price-currencySymbol\">&euro;<\/span><\/bdi><\/span><\/span>\n\n\t\t\n\t\t\n\t\t\t<\/div>\n<\/div>\n<div class=\"wd-product wd-col wd-hover-icons product-grid-item product type-product post-34646 status-publish outofstock product_cat-uncategorized-et has-post-thumbnail shipping-taxable purchasable product-type-variable has-default-attributes\" data-loop=\"2\" data-id=\"34646\">\n\t<div class=\"wd-product-wrapper product-wrapper\">\n\t<div class=\"wd-product-thumb product-element-top wd-quick-shop\">\n\t\t<a href=\"https:\/\/dragonbean.eu\/product\/ethiopia-kayimo\/\" class=\"wd-product-img-link product-image-link\" tabindex=\"-1\" aria-label=\"Ethiopia Kayimo\">\n\t\t\t\t\t\t<div class=\"product-labels labels-rounded-sm\">\n\t\t\t\t<span class=\"out-of-stock product-label wd-shape-round-sm\">L\u00e4bi m\u00fc\u00fcdud<\/span>\t\t\t<\/div>\n\t\t\t<img loading=\"lazy\" decoding=\"async\" width=\"430\" height=\"487\" src=\"https:\/\/dragonbean.eu\/wp-content\/uploads\/2024\/06\/coffee-product-5-430x487.jpg\" class=\"attachment-woocommerce_thumbnail size-woocommerce_thumbnail\" alt=\"\" srcset=\"https:\/\/dragonbean.eu\/wp-content\/uploads\/2024\/06\/coffee-product-5-430x487.jpg 430w, https:\/\/dragonbean.eu\/wp-content\/uploads\/2024\/06\/coffee-product-5-150x170.jpg 150w, https:\/\/dragonbean.eu\/wp-content\/uploads\/2024\/06\/coffee-product-5-700x792.jpg 700w, https:\/\/dragonbean.eu\/wp-content\/uploads\/2024\/06\/coffee-product-5.jpg 1060w\" sizes=\"auto, (max-width: 430px) 100vw, 430px\" \/>\t\t<\/a>\n\n\t\t\n\t\t<div class=\"wrapp-buttons\">\n\t\t\t<div class=\"wd-buttons\">\n\t\t\t\t<div class=\"wd-add-btn wd-action-btn wd-style-icon wd-add-cart-icon\"><a href=\"https:\/\/dragonbean.eu\/product\/ethiopia-kayimo\/\" aria-describedby=\"woocommerce_loop_add_to_cart_link_describedby_34646\" data-quantity=\"1\" class=\"button product_type_variable add-to-cart-loop\" data-product_id=\"34646\" data-product_sku=\"\" aria-label=\"Vali tootele &ldquo;Ethiopia Kayimo&rdquo; omadused\" rel=\"nofollow\"><span class=\"wd-action-icon\"><span class=\"wd-check-icon\"><\/span><\/span><span class=\"wd-action-text\">Vali<\/span><\/a>\t<span id=\"woocommerce_loop_add_to_cart_link_describedby_34646\" class=\"screen-reader-text\">\n\t\tThis product has multiple variants. The options may be chosen on the product page\t<\/span>\n<\/div>\n\t\t\t\t\t\t\t\t\t\t\t\t\t\t<div class=\"wd-quick-view-btn wd-quick-view-icon wd-action-btn wd-style-icon\">\n\t\t\t<a\n\t\t\t\thref=\"https:\/\/dragonbean.eu\/product\/ethiopia-kayimo\/\"\n\t\t\t\tclass=\"open-quick-view\"\n\t\t\t\trel=\"nofollow\"\n\t\t\t\tdata-id=\"34646\"\n\t\t\t\t>\n\t\t\t\t\t<span class=\"wd-action-icon\"><\/span>\n\t\t\t\t\t<span class=\"wd-action-text\">\n\t\t\t\t\t\tKiirvaade\t\t\t\t\t<\/span>\n\t\t\t<\/a>\n\t\t<\/div>\n\t\t\t\t\t\t\t\t\t\t\t\t\t<\/div> \n\t\t<\/div>\n\t<\/div>\n\t\t\t\t\t<h3 class=\"wd-entities-title\"><a href=\"https:\/\/dragonbean.eu\/product\/ethiopia-kayimo\/\">Ethiopia Kayimo<\/a><\/h3>\t\t\t\t<div class=\"wd-product-cats\">\n\t\t\t\t\t\t<a href=\"https:\/\/dragonbean.eu\/et\/product-category\/uncategorized-et\/\" rel=\"tag\">Uncategorized @et<\/a>\t\t<\/div>\n\t\t\t\t\t\t\n\t<span class=\"price\"><span class=\"woocommerce-Price-amount amount\"><bdi>15,00&nbsp;<span class=\"woocommerce-Price-currencySymbol\">&euro;<\/span><\/bdi><\/span><\/span>\n\n\t\t\n\t\t\n\t\t\t<\/div>\n<\/div>\n\t\t\t<\/div>\n\t\t\t<\/div>\t\t\t<\/div>\n\t\t<\/div>\n\n<h2 class=\"wp-block-wd-title title wd-align wd-a1ba1d7f\">Pruulija blogi<\/h2>\n\t\t\t\n\t\t\t<div id=\"carousel-244\" class=\"wd-carousel-container  wd-f2b15b37 wd-posts wd-blog-element\">\n\t\t\t\t\n\t\t\t\t\t\t\t\n\t\t\t\t<div class=\"wd-carousel-inner\">\n\t\t\t\t\t<div class=\" wd-carousel wd-grid\" data-scroll_per_page=\"yes\" style=\"--wd-col-lg:3;--wd-col-md:3;--wd-col-sm:1;--wd-gap-lg:20px;--wd-gap-sm:10px;\">\n\t\t\t\t\t\t<div class=\"wd-carousel-wrap\">\n\t\t\t\t\t\t\t\t\t<div class=\"wd-carousel-item\">\n\t\t\t\t\t\t\t\n<article id=\"post-34683\" class=\"wd-post blog-design-mask blog-post-loop blog-style-bg wd-add-shadow post-34683 post type-post status-publish format-standard has-post-thumbnail hentry category-blogi\">\n\t<div class=\"wd-post-inner article-inner\">\n\t\t\t\t\t<div class=\"wd-post-thumb entry-header\">\n\t\t\t\t\t\t\t\t\t<div class=\"wd-post-img post-img-wrapp\">\n\t\t\t\t\t\t<img loading=\"lazy\" decoding=\"async\" width=\"500\" height=\"333\" src=\"https:\/\/dragonbean.eu\/wp-content\/uploads\/2026\/01\/pranav-kumar-jain-e10XkzDrj0Q-unsplash-2.webp\" class=\"attachment-500x526 size-500x526\" alt=\"\" srcset=\"https:\/\/dragonbean.eu\/wp-content\/uploads\/2026\/01\/pranav-kumar-jain-e10XkzDrj0Q-unsplash-2.webp 600w, https:\/\/dragonbean.eu\/wp-content\/uploads\/2026\/01\/pranav-kumar-jain-e10XkzDrj0Q-unsplash-2-400x267.webp 400w, https:\/\/dragonbean.eu\/wp-content\/uploads\/2026\/01\/pranav-kumar-jain-e10XkzDrj0Q-unsplash-2-430x287.webp 430w, https:\/\/dragonbean.eu\/wp-content\/uploads\/2026\/01\/pranav-kumar-jain-e10XkzDrj0Q-unsplash-2-150x100.webp 150w\" sizes=\"auto, (max-width: 500px) 100vw, 500px\" \/>\t\t\t\t\t<\/div>\n\t\t\t\t\t\t\t\t\t\t<a class=\"wd-fill\" tabindex=\"-1\" href=\"https:\/\/dragonbean.eu\/et\/ettevalmistused-rostimiseks-pilk-dragon-bean-roastery-kulisside-taha\/\" aria-label=\"Link postitusele Ettevalmistused r\u00f6stimiseks: pilk Dragon Bean Roastery kulisside taha\"><\/a>\n\t\t\t\t\n\t\t\t\t\t\t\t\t\t\t\t\t<div class=\"wd-post-date wd-style-with-bg\">\n\t\t\t\t<span class=\"post-date-day\">\n\t\t\t\t\t20\t\t\t\t<\/span>\n\t\t\t\t<span class=\"post-date-month\">\n\t\t\t\t\tjaan.\t\t\t\t<\/span>\n\t\t\t<\/div>\n\t\t\t\t\t\t\t\t\t<\/div>\n\t\t\n\t\t<div class=\"wd-post-content article-body-container\">\n\t\t\t\n\t\t\t\t\t\t\t<h3 class=\"wd-post-title wd-entities-title title post-title\">\n\t\t\t\t\t<a href=\"https:\/\/dragonbean.eu\/et\/ettevalmistused-rostimiseks-pilk-dragon-bean-roastery-kulisside-taha\/\" rel=\"bookmark\">\n\t\t\t\t\t\tEttevalmistused r\u00f6stimiseks: pilk Dragon Bean Roastery kulisside taha\t\t\t\t\t<\/a>\n\t\t\t\t<\/h3>\n\t\t\t\n\t\t\t\n\t\t\t\n\t\t\t\t\t<\/div>\n\t<\/div>\n<\/article>\n\n\t\t\t\t\t<\/div>\n\t\t\t\t\t\t\t\t<\/div>\n\t\t\t\t\t<\/div>\n\n\t\t\t\t\t\t\t<div class=\"wd-nav-arrows wd-pos-sep wd-hover-1 wd-icon-1\">\n\t\t\t<div class=\"wd-btn-arrow wd-prev wd-disabled\">\n\t\t\t\t<div class=\"wd-arrow-inner\"><\/div>\n\t\t\t<\/div>\n\t\t\t<div class=\"wd-btn-arrow wd-next\">\n\t\t\t\t<div class=\"wd-arrow-inner\"><\/div>\n\t\t\t<\/div>\n\t\t<\/div>\n\t\t\t\t\t\t<\/div>\n\n\t\t\t\t\t\t\t\t\t\t\t\t\t\t<\/div>\n\t\t\t\t\t\t","protected":false},"excerpt":{"rendered":"","protected":false},"author":1,"featured_media":0,"parent":0,"menu_order":0,"comment_status":"closed","ping_status":"closed","template":"","meta":{"footnotes":""},"class_list":["post-34663","page","type-page","status-publish","hentry"],"_links":{"self":[{"href":"https:\/\/dragonbean.eu\/et\/wp-json\/wp\/v2\/pages\/34663","targetHints":{"allow":["GET"]}}],"collection":[{"href":"https:\/\/dragonbean.eu\/et\/wp-json\/wp\/v2\/pages"}],"about":[{"href":"https:\/\/dragonbean.eu\/et\/wp-json\/wp\/v2\/types\/page"}],"author":[{"embeddable":true,"href":"https:\/\/dragonbean.eu\/et\/wp-json\/wp\/v2\/users\/1"}],"replies":[{"embeddable":true,"href":"https:\/\/dragonbean.eu\/et\/wp-json\/wp\/v2\/comments?post=34663"}],"version-history":[{"count":37,"href":"https:\/\/dragonbean.eu\/et\/wp-json\/wp\/v2\/pages\/34663\/revisions"}],"predecessor-version":[{"id":34767,"href":"https:\/\/dragonbean.eu\/et\/wp-json\/wp\/v2\/pages\/34663\/revisions\/34767"}],"wp:attachment":[{"href":"https:\/\/dragonbean.eu\/et\/wp-json\/wp\/v2\/media?parent=34663"}],"curies":[{"name":"wp","href":"https:\/\/api.w.org\/{rel}","templated":true}]}}