{"id":34686,"date":"2021-08-25T07:26:28","date_gmt":"2021-08-25T04:26:28","guid":{"rendered":"https:\/\/dragonbean.eu\/meist\/"},"modified":"2026-04-11T21:35:49","modified_gmt":"2026-04-11T18:35:49","slug":"meist","status":"publish","type":"page","link":"https:\/\/dragonbean.eu\/et\/meist\/","title":{"rendered":"Meist"},"content":{"rendered":"\n<div class=\"wp-block-wd-section wd-71e73bf2\">\n<div class=\"wp-block-wd-row wd-5ca05047\">\n<div class=\"wp-block-wd-column wd-a6d29b62\">\n<p class=\"wp-block-wd-paragraph wd-9a74c592\">M\u00d5NED S\u00d5NAD MEIST<\/p>\n\n\n\n<h2 class=\"wp-block-wd-title title wd-84a29a4b wd-custom-width\">Kirg, t\u00e4psus, meisterlikkus<\/h2>\n<\/div>\n\n\n\n<div class=\"wp-block-wd-column wd-b38a92d6\">\n<h2 class=\"wp-block-wd-title title wd-1dff8114\"><strong>Mis meid edasi viib<\/strong><\/h2>\n\n\n\n<p class=\"wp-block-wd-paragraph wd-a818c622 wd-custom-width\">Usume, et suurep\u00e4rane kohv saab alguse austusest \u2013 oavarre, taluniku ja r\u00f6stimiskunsti vastu. Iga partii peegeldab meie kirge.<\/p>\n<\/div>\n\n\n\n<div class=\"wp-block-wd-column wd-80fc735b\">\n<h2 class=\"wp-block-wd-title title wd-5c96156f\"><strong>Kuidas me t\u00f6\u00f6tame<\/strong><\/h2>\n\n\n\n<p class=\"wp-block-wd-paragraph wd-87ae095c wd-custom-width\">Alates tooraine hankimisest kuni r\u00f6stimiseni keskendume kvantiteedi asemel kvaliteedile. R\u00f6stime v\u00e4ikeseid partiisid, et tuua esile iga p\u00e4ritolumaa ainulaadne lugu.<\/p>\n<\/div>\n\n\n\n<div class=\"wp-block-wd-column wd-9ad453c9\">\n<h2 class=\"wp-block-wd-title title wd-6f5c79c2\"><strong><strong>Meie p\u00fchendumus<\/strong><\/strong><\/h2>\n\n\n\n<p class=\"wp-block-wd-paragraph wd-fcca5d6b wd-custom-width\">V\u00e4rskus, j\u00e4lgitavus ja maitse suunavad k\u00f5ike, mida teeme. Oleme uhked, et saame pakkuda sulle kohvi, mis on hoolikalt valmistatud talust tassini.<\/p>\n<\/div>\n<\/div>\n<\/div>\n\n<div class=\"wp-block-wd-row wd-31bcbef8\">\n<div class=\"wp-block-wd-column wd-c60b3da1\">\n<div class=\"wp-block-wd-image wd-block-image photoswipe-images wd-15d0e170\"><a href=\"https:\/\/dragonbean.eu\/wp-content\/uploads\/2025\/04\/About_us_img.webp\" data-width=\"490\" data-height=\"490\" data-elementor-open-lightbox=\"no\"><img loading=\"lazy\" decoding=\"async\" width=\"490\" height=\"490\" class=\"wp-image-34433\" src=\"https:\/\/dragonbean.eu\/wp-content\/uploads\/2025\/04\/About_us_img.webp\" alt=\"\" srcset=\"https:\/\/dragonbean.eu\/wp-content\/uploads\/2025\/04\/About_us_img.webp 490w, https:\/\/dragonbean.eu\/wp-content\/uploads\/2025\/04\/About_us_img-300x300.webp 300w, https:\/\/dragonbean.eu\/wp-content\/uploads\/2025\/04\/About_us_img-150x150.webp 150w, https:\/\/dragonbean.eu\/wp-content\/uploads\/2025\/04\/About_us_img-430x430.webp 430w\" sizes=\"auto, (max-width: 490px) 100vw, 490px\" \/><\/a><\/div>\n<\/div>\n\n\n\n<div class=\"wp-block-wd-column wd-8a8a9800\">\n<h2 class=\"wp-block-wd-title title wd-7e205a3c\"><strong><strong>Austades iga loo taga olevat uba<\/strong><\/strong> <\/h2>\n\n\n\n<p class=\"wp-block-wd-paragraph wd-00d6a57f\">Dragon Bean Roastery&#8217;s saab iga kohv alguse loost \u2013 talunikest, kes hoolitsevad maa eest, ubadest, mis on kasvanud austusega looduse vastu, ja kirega lihvitud k\u00e4sit\u00f6\u00f6st. Hangime toorainet eetiliselt, otsides alati neid, kes ei pea kohvi lihtsalt kaubaks, vaid elavaks sidemeks inimeste ja paikade vahel.<\/p>\n\n\n\n<p>V\u00e4ikese ja s\u00f5ltumatu nanor\u00f6stikojana austame neid lugusid iga r\u00f6stitud partiiga. Siin ei kiirustata kohviga. See on hoolikalt arendatud ja r\u00f6stitud, et paljastada selle loomulik iseloom, ning jagatud nendega, kes v\u00e4\u00e4rtustavad ausust, maitset ja t\u00f5elise meisterlikkuse vaikset ilu.<\/p>\n<\/div>\n<\/div>\n\n<div class=\"wp-block-wd-section wd-4d803441\">\n<div class=\"wp-block-wd-menu-anchor wd-menu-anchor wd-16985e14\" data-id=\"contact\" data-offset=\"150\"><div id=\"contact\"><\/div><\/div>\n\n\n\n<div class=\"wp-block-wd-row wd-4fe565e4\">\n<div class=\"wp-block-wd-column wd-1e4a7c72\">\n<h2 class=\"wp-block-wd-title title wd-fb354cd5\"><strong>Kas sul tekkis k\u00fcsimusi? Soovid meiega \u00fchendust v\u00f5tta?<\/strong><\/h2>\n\n\n\n<p class=\"wp-block-wd-paragraph wd-440dedf8\">Olgu selleks kohvialane k\u00fcsimus, mure tellimusega v\u00f5i soovid lihtsalt tere \u00f6elda \u2013 oleme sinu jaoks olemas.<br\/>Vaata meie korduma kippuvaid k\u00fcsimusi altpoolt v\u00f5i saada meile s\u00f5num.<\/p>\n<\/div>\n<\/div>\n<\/div>\n\n<div class=\"wp-block-wd-row wd-373ddd41\">\n<div class=\"wp-block-wd-column wd-6f197335\">\n<p class=\"wp-block-wd-paragraph wd-36b48111\">K\u00dcSIMUSED INFOKS<\/p>\n\n\n\n<h2 class=\"wp-block-wd-title title wd-df11eed3\">KORDUMA KIPPUVAD K\u00dcSIMUSED<\/h2>\n\n\n\n<div class=\"wp-block-wd-accordion wd-accordion wd-style-default wd-titles-start wd-opener-style-arrow wd-opener-pos-end wd-810b357c\" data-state=\"all\">\n<div class=\"wp-block-wd-accordion-pane wd-accordion-item wd-403ef5e6\"><div class=\"wd-accordion-title wd-role-btn\" tabindex=\"0\"><div class=\"wd-accordion-title-text\"><span><strong>Olen erikohvi maailmas uus \u2013 mis teeb selle eriliseks?<\/strong><\/span><\/div><span class=\"wd-accordion-opener\"><\/span><\/div><div class=\"wd-accordion-content\"><div class=\"wd-accordion-content-inner\">\n<p class=\"wp-block-wd-paragraph wd-31d45224\">Erikohvi (specialty coffee) puhul on oluline kvaliteet, j\u00e4lgitavus ja hoolitsus \u2013 talust kuni sinu tassini. Oad kasvavad k\u00f5rgemates kohtades, need on korjatud ja t\u00f6\u00f6deldud t\u00e4psusega ning r\u00f6stitud nii, et esile tuleksid nende looduslikud maitsed. See pole lihtsalt kangem kohv \u2013 see on kohv, mis jutustab loo.<\/p>\n<\/div><\/div><\/div>\n\n\n\n<div class=\"wp-block-wd-accordion-pane wd-accordion-item wd-c0cdcf1e\"><div class=\"wd-accordion-title wd-role-btn\" tabindex=\"0\"><div class=\"wd-accordion-title-text\"><span><strong>Kust te oma ube hangite?<\/strong><\/span><\/div><span class=\"wd-accordion-opener\"><\/span><\/div><div class=\"wd-accordion-content\"><div class=\"wd-accordion-content-inner\">\n<p class=\"wp-block-wd-paragraph wd-18fa2221\">Teeme koost\u00f6\u00f6d usaldusv\u00e4\u00e4rsete maaletoojatega, kes seavad esikohale j\u00e4lgitavuse, eetika ja kvaliteedi. Meie kohvid p\u00e4rinevad tootjatelt, kes jagavad meiega samu v\u00e4\u00e4rtusi \u2013 l\u00e4bipaistvust, j\u00e4tkusuutlikkust ja hoolivust k\u00e4sit\u00f6\u00f6 vastu.<\/p>\n<\/div><\/div><\/div>\n\n\n\n<div class=\"wp-block-wd-accordion-pane wd-accordion-item wd-eb8e0dfd\"><div class=\"wd-accordion-title wd-role-btn\" tabindex=\"0\"><div class=\"wd-accordion-title-text\"><span>Kas saadate kaupa ka v\u00e4ljapoole Eestit?<\/span><\/div><span class=\"wd-accordion-opener\"><\/span><\/div><div class=\"wd-accordion-content\"><div class=\"wd-accordion-content-inner\">\n<p class=\"wp-block-wd-paragraph wd-7199724e\">Hetkel veel mitte, kuid meil on plaanis l\u00e4hitulevikus hakata tarnima ka teistesse Balti riikidesse ja Soome. P\u00fcsi kuuldel \u2013 ja v\u00f5ta meiega julgelt \u00fchendust, kui oled l\u00e4heduses ja soovid meie kohvi proovida!<\/p>\n<\/div><\/div><\/div>\n\n\n\n<div class=\"wp-block-wd-accordion-pane wd-accordion-item wd-96c78318\"><div class=\"wd-accordion-title wd-role-btn\" tabindex=\"0\"><div class=\"wd-accordion-title-text\"><span><strong>Kas saan tellida regulaarseid kohvitarneid?<\/strong><\/span><\/div><span class=\"wd-accordion-opener\"><\/span><\/div><div class=\"wd-accordion-content\"><div class=\"wd-accordion-content-inner\">\n<p class=\"wp-block-wd-paragraph wd-d2fdc58a\">Meil ei ole veel tellimusmudelit, kuid see on t\u00f6\u00f6s! Kui huvi on piisavalt suur, siis avame selle meeleldi \u2013 anna meile teada, kui see on midagi, mis sind huvitaks.<\/p>\n<\/div><\/div><\/div>\n\n\n\n<div class=\"wp-block-wd-accordion-pane wd-accordion-item wd-280ee6b8\"><div class=\"wd-accordion-title wd-role-btn\" tabindex=\"0\"><div class=\"wd-accordion-title-text\"><span><strong>Kui kaua peaksin p\u00e4rast kohvi k\u00e4ttesaamist ootama, enne kui seda valmistama asun?<\/strong><\/span><\/div><span class=\"wd-accordion-opener\"><\/span><\/div><div class=\"wd-accordion-content\"><div class=\"wd-accordion-content-inner\">\n<p class=\"wp-block-wd-paragraph wd-16ccb245\">V\u00e4rskelt r\u00f6stitud kohv vajab veidi puhkust, et saavutada oma parim maitse. Soovitame p\u00e4rast r\u00f6stimiskuup\u00e4eva oodata espresso puhul 5\u20137 p\u00e4eva ja filtrikohvi puhul 3\u20135 p\u00e4eva. R\u00f6stimiskuup\u00e4ev on m\u00e4rgitud igale pakile.<\/p>\n<\/div><\/div><\/div>\n<\/div>\n<\/div>\n\n\n\n<div class=\"wp-block-wd-column wd-94b1d933\">\n<p class=\"wp-block-wd-paragraph wd-fe45a804\">INFO MEIE KOHTA<\/p>\n\n\n\n<h2 class=\"wp-block-wd-title title wd-ad3cb66a\">K\u00dcSIMUSTE KORRAL V\u00d5TA MEIEGA \u00dcHENDUST<\/h2>\n\n\n<div id=\"\" class=\"wd-cf7 wd-0c1e9cf7\">\n<div class=\"wpcf7 no-js\" id=\"wpcf7-f34756-o1\" lang=\"et\" dir=\"ltr\" data-wpcf7-id=\"34756\">\n<div class=\"screen-reader-response\"><p role=\"status\" aria-live=\"polite\" aria-atomic=\"true\"><\/p> <ul><\/ul><\/div>\n<form action=\"\/et\/wp-json\/wp\/v2\/pages\/34686#wpcf7-f34756-o1\" method=\"post\" class=\"wpcf7-form init\" aria-label=\"Contact form\" novalidate=\"novalidate\" data-status=\"init\">\n<fieldset class=\"hidden-fields-container\"><input type=\"hidden\" name=\"_wpcf7\" value=\"34756\" \/><input type=\"hidden\" name=\"_wpcf7_version\" value=\"6.1.5\" \/><input type=\"hidden\" name=\"_wpcf7_locale\" value=\"et\" \/><input type=\"hidden\" name=\"_wpcf7_unit_tag\" value=\"wpcf7-f34756-o1\" \/><input type=\"hidden\" name=\"_wpcf7_container_post\" value=\"0\" \/><input type=\"hidden\" name=\"_wpcf7_posted_data_hash\" value=\"\" \/>\n<\/fieldset>\n<p><label> Sinu nimi<br \/>\n<span class=\"wpcf7-form-control-wrap\" data-name=\"your-name\"><input size=\"40\" maxlength=\"400\" class=\"wpcf7-form-control wpcf7-text wpcf7-validates-as-required\" autocomplete=\"name\" aria-required=\"true\" aria-invalid=\"false\" value=\"\" type=\"text\" name=\"your-name\" \/><\/span> <\/label>\n<\/p>\n<p><label> Sinu e-posti aadress<br \/>\n<span class=\"wpcf7-form-control-wrap\" data-name=\"your-email\"><input size=\"40\" maxlength=\"400\" class=\"wpcf7-form-control wpcf7-email wpcf7-validates-as-required wpcf7-text wpcf7-validates-as-email\" autocomplete=\"email\" aria-required=\"true\" aria-invalid=\"false\" value=\"\" type=\"email\" name=\"your-email\" \/><\/span> <\/label>\n<\/p>\n<p><label> Teema<br \/>\n<span class=\"wpcf7-form-control-wrap\" data-name=\"your-subject\"><input size=\"40\" maxlength=\"400\" class=\"wpcf7-form-control wpcf7-text wpcf7-validates-as-required\" aria-required=\"true\" aria-invalid=\"false\" value=\"\" type=\"text\" name=\"your-subject\" \/><\/span> <\/label>\n<\/p>\n<p><label> Sinu s\u00f5num (valikuline)<br \/>\n<span class=\"wpcf7-form-control-wrap\" data-name=\"your-message\"><textarea cols=\"40\" rows=\"10\" maxlength=\"2000\" class=\"wpcf7-form-control wpcf7-textarea\" aria-invalid=\"false\" name=\"your-message\"><\/textarea><\/span> <\/label>\n<\/p>\n<p><div class=\"cf7-cf-turnstile\" style=\"margin-top: 0px; margin-bottom: -15px;\"> <div id=\"cf-turnstile-cf7-2779038787\" class=\"cf-turnstile\" data-callback=\"turnstileCF7Callback\" data-sitekey=\"0x4AAAAAABXbapqDq9IdUdBE\" data-theme=\"light\" data-language=\"auto\" data-size=\"flexible\" data-retry=\"auto\" data-retry-interval=\"1000\" data-refresh-expired=\"auto\" data-refresh-timeout=\"auto\" data-action=\"contact-form-7\" data-callback=\"turnstileCF7Callback\" data-appearance=\"always\"><\/div> <style>.wpcf7-submit { pointer-events: none; opacity: 0.5; }<\/style> <script>document.addEventListener(\"DOMContentLoaded\", function() { setTimeout(function(){ var e=document.getElementById(\"cf-turnstile-cf7-2779038787\"); if(e&&!e.innerHTML.trim()){turnstile.render(e, {sitekey:\"0x4AAAAAABXbapqDq9IdUdBE\"});} }, 200); });<\/script> <br class=\"cf-turnstile-br cf-turnstile-br-cf7-2779038787\"> <style>#cf-turnstile-cf7-2779038787 { margin-left: -15px; }<\/style> <script>document.addEventListener(\"DOMContentLoaded\",function(){document.querySelectorAll('.wpcf7-form').forEach(function(e){e.addEventListener('submit',function(){if(document.getElementById('cf-turnstile-cf7-2779038787')){setTimeout(function(){turnstile.reset('#cf-turnstile-cf7-2779038787');},1000)}})})});<\/script> <\/div><br\/><input class=\"wpcf7-form-control wpcf7-submit has-spinner\" type=\"submit\" value=\"Saada\" \/>\n<\/p><div class=\"wpcf7-response-output\" aria-hidden=\"true\"><\/div>\n<\/form>\n<\/div>\n<\/div><\/div>\n<\/div>\n","protected":false},"excerpt":{"rendered":"","protected":false},"author":1,"featured_media":0,"parent":0,"menu_order":0,"comment_status":"closed","ping_status":"closed","template":"","meta":{"footnotes":""},"class_list":["post-34686","page","type-page","status-publish","hentry"],"_links":{"self":[{"href":"https:\/\/dragonbean.eu\/et\/wp-json\/wp\/v2\/pages\/34686","targetHints":{"allow":["GET"]}}],"collection":[{"href":"https:\/\/dragonbean.eu\/et\/wp-json\/wp\/v2\/pages"}],"about":[{"href":"https:\/\/dragonbean.eu\/et\/wp-json\/wp\/v2\/types\/page"}],"author":[{"embeddable":true,"href":"https:\/\/dragonbean.eu\/et\/wp-json\/wp\/v2\/users\/1"}],"replies":[{"embeddable":true,"href":"https:\/\/dragonbean.eu\/et\/wp-json\/wp\/v2\/comments?post=34686"}],"version-history":[{"count":14,"href":"https:\/\/dragonbean.eu\/et\/wp-json\/wp\/v2\/pages\/34686\/revisions"}],"predecessor-version":[{"id":34747,"href":"https:\/\/dragonbean.eu\/et\/wp-json\/wp\/v2\/pages\/34686\/revisions\/34747"}],"wp:attachment":[{"href":"https:\/\/dragonbean.eu\/et\/wp-json\/wp\/v2\/media?parent=34686"}],"curies":[{"name":"wp","href":"https:\/\/api.w.org\/{rel}","templated":true}]}}