{"id":34752,"date":"2025-05-03T17:25:23","date_gmt":"2025-05-03T14:25:23","guid":{"rendered":"https:\/\/dragonbean.eu\/tagastus-ja-huvitamispoliitika\/"},"modified":"2026-04-11T22:11:33","modified_gmt":"2026-04-11T19:11:33","slug":"tagastus-ja-huvitamispoliitika","status":"publish","type":"page","link":"https:\/\/dragonbean.eu\/et\/tagastus-ja-huvitamispoliitika\/","title":{"rendered":"Tagastus- ja h\u00fcvitamispoliitika"},"content":{"rendered":"\n<h2 id=\"wd-9d7ca7d1\" class=\"wp-block-wd-title title\">\ud83d\udd01 Tagastus- ja h\u00fcvitamispoliitika<\/h2>\n\n<p id=\"wd-615753ef\" class=\"wp-block-wd-paragraph\"><strong>Viimati uuendatud: 3.05.2025<\/strong><\/p>\n\n<p id=\"wd-1b1a01a8\" class=\"wp-block-wd-paragraph\">Dragon Bean Roastery r\u00f6stib kohvi v\u00e4ikestes partiides kaks korda n\u00e4dalas, et tagada v\u00e4rskus. Kuna kohv on kiiresti riknev toidukaup, ei saa me tagastusi vastu v\u00f5tta lihtsalt meelemuutuse t\u00f5ttu. Kui aga sinu tellimusega l\u00e4heb midagi valesti, lahendame olukorra.<\/p>\n\n<div id=\"wd-515a056c\" class=\"wp-block-wd-divider wd-style-line\"><\/div>\n\n<h3 id=\"wd-caebd08b\" class=\"wp-block-wd-title title\">\u274c Mittetagastatavad tooted<\/h3>\n\n<p id=\"wd-a4073eb4\" class=\"wp-block-wd-paragraph\">Meil ei ole v\u00f5imalik vastu v\u00f5tta tagastusi ega v\u00e4ljastada h\u00fcvitisi j\u00e4rgneva puhul:<\/p>\n\n<ul class=\"wp-block-list\">\n<li>R\u00f6stitud kohv (kuna tegemist on kiiresti rikneva toidukaubaga)<\/li>\n\n\n\n<li>Avatud v\u00f5i rikutud pakend<\/li>\n\n\n\n<li>Tooted, mis tarniti vastavalt kirjeldusele ja heas seisukorras<\/li>\n<\/ul>\n\n<p id=\"wd-96246b21\" class=\"wp-block-wd-paragraph\">See on koosk\u00f5las EL-i tarbijakaitseseadustega kiiresti riknevate kaupade kohta.<\/p>\n\n<div id=\"wd-9007776b\" class=\"wp-block-wd-divider wd-style-line\"><\/div>\n\n<h3 id=\"wd-5e3a635d\" class=\"wp-block-wd-title title\">\u2705 Kahjustatud v\u00f5i valed tellimused<\/h3>\n\n<p id=\"wd-252fda90\" class=\"wp-block-wd-paragraph\">Kui sinu tellimus saabub:<\/p>\n\n<ul class=\"wp-block-list\">\n<li>Transpordi k\u00e4igus kahjustatuna<\/li>\n\n\n\n<li>Valesti (vale toode, vale kogus)<\/li>\n\n\n\n<li>Puudulikult<\/li>\n<\/ul>\n\n<p id=\"wd-515f1609\" class=\"wp-block-wd-paragraph\">V\u00f5ta palun \u00fchendust aadressil <strong><a href=\"info@dragonbean.eu\">info@dragonbean.eu<\/a><\/strong> <strong>7 p\u00e4eva jooksul p\u00e4rast tarnet<\/strong>. Lisa oma <strong>tellimuse number<\/strong> ja fotod (kui need on olemas) ning me korraldame asendustoote v\u00f5i h\u00fcvitise vastavalt vajadusele.<\/p>\n\n<div id=\"wd-30616765\" class=\"wp-block-wd-divider wd-style-line\"><\/div>\n\n<h3 id=\"wd-98277ac1\" class=\"wp-block-wd-title title\">\ud83d\udeab Tellimuse t\u00fchistamine<\/h3>\n\n<p id=\"wd-c9acd83e\" class=\"wp-block-wd-paragraph\">Kuna r\u00f6stime partiidena, saame sinu tellimuse t\u00fchistada <strong>enne partii r\u00f6stimist<\/strong>. Kui sul on vaja tellimus t\u00fchistada:<\/p>\n\n<ul class=\"wp-block-list\">\n<li>Saada meile e-kiri aadressile <strong><a href=\"info@dragonbean.eu\">info@dragonbean.eu<\/a><\/strong> niipea kui v\u00f5imalik<\/li>\n\n\n\n<li>Kui sinu partii on juba r\u00f6stitud, ei ole meil enam v\u00f5imalik tellimust t\u00fchistada<\/li>\n<\/ul>\n\n<div id=\"wd-ee5e078e\" class=\"wp-block-wd-divider wd-style-line\"><\/div>\n\n<h3 id=\"wd-5498b2c0\" class=\"wp-block-wd-title title\">\ud83d\udd04 Poliitika uuendused<\/h3>\n\n<p id=\"wd-5e5e0ea9\" class=\"wp-block-wd-paragraph\">Seda poliitikat v\u00f5idakse aja jooksul uuendada. Uusim versioon on alati saadaval aadressil <a href=\"https:\/\/dragonbean.eu\/et\/tagastus-ja-huvitamispoliitika\/\" data-type=\"page\" data-id=\"10\">https:\/\/dragonbean.eu\/refund-policy<\/a>.<\/p>\n","protected":false},"excerpt":{"rendered":"","protected":false},"author":1,"featured_media":0,"parent":0,"menu_order":0,"comment_status":"closed","ping_status":"closed","template":"","meta":{"footnotes":""},"class_list":["post-34752","page","type-page","status-publish","hentry"],"_links":{"self":[{"href":"https:\/\/dragonbean.eu\/et\/wp-json\/wp\/v2\/pages\/34752","targetHints":{"allow":["GET"]}}],"collection":[{"href":"https:\/\/dragonbean.eu\/et\/wp-json\/wp\/v2\/pages"}],"about":[{"href":"https:\/\/dragonbean.eu\/et\/wp-json\/wp\/v2\/types\/page"}],"author":[{"embeddable":true,"href":"https:\/\/dragonbean.eu\/et\/wp-json\/wp\/v2\/users\/1"}],"replies":[{"embeddable":true,"href":"https:\/\/dragonbean.eu\/et\/wp-json\/wp\/v2\/comments?post=34752"}],"version-history":[{"count":1,"href":"https:\/\/dragonbean.eu\/et\/wp-json\/wp\/v2\/pages\/34752\/revisions"}],"predecessor-version":[{"id":34753,"href":"https:\/\/dragonbean.eu\/et\/wp-json\/wp\/v2\/pages\/34752\/revisions\/34753"}],"wp:attachment":[{"href":"https:\/\/dragonbean.eu\/et\/wp-json\/wp\/v2\/media?parent=34752"}],"curies":[{"name":"wp","href":"https:\/\/api.w.org\/{rel}","templated":true}]}}